{"id":1234,"date":"2018-11-03T22:37:18","date_gmt":"2018-11-03T21:37:18","guid":{"rendered":"http:\/\/q-reg.de\/?page_id=1234"},"modified":"2018-12-01T08:58:30","modified_gmt":"2018-12-01T07:58:30","slug":"agb-terms-and-contitions","status":"publish","type":"page","link":"https:\/\/q-reg.de\/?page_id=1234","title":{"rendered":"terms"},"content":{"rendered":"\t\t<div data-elementor-type=\"wp-post\" data-elementor-id=\"1234\" class=\"elementor elementor-1234 elementor-bc-flex-widget\">\n\t\t\t\t\t\t<div class=\"elementor-inner\">\n\t\t\t\t<div class=\"elementor-section-wrap\">\n\t\t\t\t\t\t\t\t\t<section class=\"elementor-section elementor-top-section elementor-element elementor-element-2680d88 elementor-section-boxed elementor-section-height-default elementor-section-height-default\" data-id=\"2680d88\" data-element_type=\"section\" data-settings=\"{&quot;background_background&quot;:&quot;classic&quot;}\">\n\t\t\t\t\t\t<div class=\"elementor-container elementor-column-gap-default\">\n\t\t\t\t\t\t\t<div class=\"elementor-row\">\n\t\t\t\t\t<div class=\"elementor-column elementor-col-100 elementor-top-column elementor-element elementor-element-1c0b1e9\" data-id=\"1c0b1e9\" data-element_type=\"column\">\n\t\t\t<div class=\"elementor-column-wrap elementor-element-populated\">\n\t\t\t\t\t\t\t<div class=\"elementor-widget-wrap\">\n\t\t\t\t\t\t<div class=\"elementor-element elementor-element-c1104b1 elementor-widget elementor-widget-spacer\" data-id=\"c1104b1\" data-element_type=\"widget\" data-widget_type=\"spacer.default\">\n\t\t\t\t<div class=\"elementor-widget-container\">\n\t\t\t\t\t<div class=\"elementor-spacer\">\n\t\t\t<div class=\"elementor-spacer-inner\"><\/div>\n\t\t<\/div>\n\t\t\t\t<\/div>\n\t\t\t\t<\/div>\n\t\t\t\t<div class=\"elementor-element elementor-element-e1c136d elementor-widget elementor-widget-heading\" data-id=\"e1c136d\" data-element_type=\"widget\" data-widget_type=\"heading.default\">\n\t\t\t\t<div class=\"elementor-widget-container\">\n\t\t\t<h2 class=\"elementor-heading-title elementor-size-default\">terms<\/h2>\t\t<\/div>\n\t\t\t\t<\/div>\n\t\t\t\t<div class=\"elementor-element elementor-element-9b1072e elementor-widget elementor-widget-spacer\" data-id=\"9b1072e\" data-element_type=\"widget\" data-widget_type=\"spacer.default\">\n\t\t\t\t<div class=\"elementor-widget-container\">\n\t\t\t\t\t<div class=\"elementor-spacer\">\n\t\t\t<div class=\"elementor-spacer-inner\"><\/div>\n\t\t<\/div>\n\t\t\t\t<\/div>\n\t\t\t\t<\/div>\n\t\t\t\t\t\t<\/div>\n\t\t\t\t\t<\/div>\n\t\t<\/div>\n\t\t\t\t\t\t\t\t<\/div>\n\t\t\t\t\t<\/div>\n\t\t<\/section>\n\t\t\t\t<section class=\"elementor-section elementor-top-section elementor-element elementor-element-4049781 elementor-section-boxed elementor-section-height-default elementor-section-height-default\" data-id=\"4049781\" data-element_type=\"section\" data-settings=\"{&quot;background_background&quot;:&quot;classic&quot;}\">\n\t\t\t\t\t\t<div class=\"elementor-container elementor-column-gap-default\">\n\t\t\t\t\t\t\t<div class=\"elementor-row\">\n\t\t\t\t\t<div class=\"elementor-column elementor-col-100 elementor-top-column elementor-element elementor-element-11c428d\" data-id=\"11c428d\" data-element_type=\"column\">\n\t\t\t<div class=\"elementor-column-wrap elementor-element-populated\">\n\t\t\t\t\t\t\t<div class=\"elementor-widget-wrap\">\n\t\t\t\t\t\t<div class=\"elementor-element elementor-element-0aa5881 elementor-widget elementor-widget-spacer\" data-id=\"0aa5881\" data-element_type=\"widget\" data-widget_type=\"spacer.default\">\n\t\t\t\t<div class=\"elementor-widget-container\">\n\t\t\t\t\t<div class=\"elementor-spacer\">\n\t\t\t<div class=\"elementor-spacer-inner\"><\/div>\n\t\t<\/div>\n\t\t\t\t<\/div>\n\t\t\t\t<\/div>\n\t\t\t\t<div class=\"elementor-element elementor-element-454a648 elementor-widget elementor-widget-text-editor\" data-id=\"454a648\" data-element_type=\"widget\" data-widget_type=\"text-editor.default\">\n\t\t\t\t<div class=\"elementor-widget-container\">\n\t\t\t\t\t\t\t\t<div class=\"elementor-text-editor elementor-clearfix\">\n\t\t\t\t<p>Allgemeine Gesch\u00e4ftsbedingungen (AGB) und Verbraucherinformationen<\/p><p>Stand: 06\/2018<\/p><p>Allgemeine Gesch\u00e4ftsbedingungen und Verbraucherinformationen im Rahmen von Kaufvertr\u00e4gen, die \u00fcber den Onlineshop zwischen der Firma Mobitcon e. k. Uwe Tech &#8211; im Folgenden \u201eVerk\u00e4ufer\u201c &#8211; und dem Kunden &#8211; im Folgenden \u201eKunde\u201c &#8211; geschlossen werden.<\/p><ul><li>1 Geltungsbereich und allgemeine Hinweise<\/li><\/ul><p>(1) Vorbehaltlich individueller Absprachen und Vereinbarungen, die Vorrang vor diesen AGB haben, gelten f\u00fcr die Gesch\u00e4ftsbeziehung zwischen dem Verk\u00e4ufer und dem Kunden ausschlie\u00dflich die nachfolgenden Allgemeinen Gesch\u00e4ftsbedingungen. Soweit nichts anderes vereinbart, wird der Einbeziehung von eigenen Bedingungen des Kunden widersprochen.<\/p><p>(2) Der Kunde ist Verbraucher, soweit er den Vertrag zu Zwecken abschlie\u00dft, die \u00fcberwiegend weder seiner gewerblichen noch seiner selbst\u00e4ndigen beru\ufb02ichen T\u00e4tigkeit zugerechnet werden k\u00f6nnen. Dagegen ist Unternehmer jede nat\u00fcrliche oder juristische Person oder eine rechtsf\u00e4hige Personengesellschaft, die bei Abschluss eines Rechtsgesch\u00e4fts in Aus\u00fcbung ihrer gewerblichen oder selbst\u00e4ndigen beru\ufb02ichen T\u00e4tigkeit handelt.<\/p><ul><li>2 Vertragsschluss<\/li><\/ul><p>(1) Der Vertrag kommt zustande mit:<\/p><p>Mobitcon e .K.<\/p><p>Uwe Tech<\/p><p>Bergstrasse 10<\/p><p>89160 Temmenhausen<\/p><p>(2) Die wesentlichen Merkmale der Ware ergeben sich aus der jeweiligen vom Verk\u00e4ufer eingestellten Produktbeschreibung. (3) S\u00e4mtliche Angebote in dem Onlineshop des Verk\u00e4ufers stellen lediglich eine unverbindliche Einladung an den Kunden dar, dem Verk\u00e4ufer ein entsprechendes Kaufangebot zu unterbreiten. Sobald der Verk\u00e4ufer die Bestellung des Kunden erhalten hat, wird dem Kunde zun\u00e4chst eine Best\u00e4tigung \u00fcber den seiner Bestellung beim Verk\u00e4ufer zugesandt, in der Regel per E-Mail (Bestellbest\u00e4tigung). Die Bestellbest\u00e4tigung stellt noch nicht die Annahme der Bestellung dar. Nach Eingang der Bestellung des Kunden wird der Verk\u00e4ufer diese kurzfristig pr\u00fcfen und dem Kunden innerhalb von 2 Werktagen mitteilen, ob er die Bestellung annimmt (Auftragsbest\u00e4tigung). Der Bestellvorgang in dem Onlineshop des Verk\u00e4ufers funktioniert wie folgt: (4) Der Kunde kann aus dem Sortiment des Verk\u00e4ufers Produkte ausw\u00e4hlen und diese \u00fcber den Button \u201eacept AGB for paypal checkout\u201c bestellen nachdem er diesen Button gedr\u00fcckt hat wird er auf die seite mit den Allgemeinen Gesch\u00e4ftsbedingungen weitergeleited. Nach dem lesen der AGB kann der Kunde\u00a0 am unteren Ende der Seite den Button \u201eaccept AGB terms and conditions to continue order with paypal\u201c dr\u00fccken und gibt\u00a0 einen verbindlichen Antrag zum Kauf der\u00a0 Waren zum Festpreis ab die St\u00fcckzahl ergibt sich jeweils durch die h\u00f6he des gesendeten Betrags . 1 St\u00fcck gleich 1 mal Festpreis 2 St\u00fcck gleich doppelter Festpreis usw. Vor Absenden der Bestellung kann der Kunde\u00a0 jederzeit durch die Browserfunktionen \u201eZur\u00fcck\u201c und \u201eWeiter\u201c die eingegebene Bestellung \u00e4ndern oder abbrechen. Der Antrag kann nur abgegeben und \u00fcbermittelt werden, wenn der Kunde durch Klicken auf den Button \u201eaccept AGB terms and conditions to continue order with paypal\u201c zu Paypal weitergeleited wird und dann durch senden des Festpreises die Bestellung abschlie\u00dft. Dadurch hat der Kunde diese Vertragsbedingungen akzeptiert und\u00a0 in seinen Antrag aufgenommen . Der Verk\u00e4ufer schickt daraufhin dem Kunden eine automatische Empfangsbest\u00e4tigung per E-Mail zu, in welcher die Bestellung des Kunden nochmals aufgef\u00fchrt wird und die der Kunde \u00fcber die Funktion \u201eDrucken\u201c ausdrucken kann. Die automatische Empfangsbest\u00e4tigung dokumentiert lediglich, dass die Bestellung des Kunden beim Verk\u00e4ufer eingegangen ist und stellt keine Annahme des Antrags dar. Der Vertrag kommt erst durch die Abgabe der Annahmeerkl\u00e4rung durch den Verk\u00e4ufer zustande, die mit einer gesonderten E-Mail versandt wird.<\/p><ul><li>3 Vertragsgegenstand, Beschaffenheit, Lieferung, Warenverf\u00fcgbarkeit<\/li><\/ul><p>(1) Vertragsgegenstand sind die im Rahmen der Bestellung vom Kunden spezi\ufb01zierten und der Bestell- und\/oder Auftragsbest\u00e4tigung genannten Waren und Dienstleistungen zu den im Onlineshop genannten Endpreisen. Fehler und Irrt\u00fcmer dort sind vorbehalten, insbesondere was die Warenverf\u00fcgbarkeit betrifft.<\/p><p>(2) Die Beschaffenheit der bestellten Waren ergibt sich aus den Produktbeschreibungen im Onlineshop. Abbildungen auf der Internetseite geben die Produkte unter Umst\u00e4nden nur ungenau wieder; insbesondere Farben k\u00f6nnen aus technischen Gr\u00fcnden erheblich abweichen. Bilder dienen lediglich als Anschauungsmaterial und k\u00f6nnen vom Produkt abweichen. Technische Daten, Gewichts-, Ma\u00df und Leistungsbeschreibung sind so pr\u00e4zise wie m\u00f6glich angegeben, k\u00f6nnen aber die \u00fcblichen Abweichungen aufweisen. Die hier beschriebenen Eigenschaften stellen keine M\u00e4ngel der vom Verk\u00e4ufer gelieferten Produkte dar.<\/p><p>(3) Sind zum Zeitpunkt der Bestellung des Kunden keine Exemplare des von ihm ausgew\u00e4hlten Produkts verf\u00fcgbar, so teilt der Verk\u00e4ufer dem Kunden dies in der Auftragsbest\u00e4tigung mit. Ist das Produkt dauerhaft nicht lieferbar, sieht der Verk\u00e4ufer von einer Annahmeerkl\u00e4rung ab. Ein Vertrag kommt in diesem Fall nicht zustande.<\/p><p>(4) Ist das vom Kunden in der Bestellung bezeichnete Produkt nur vor\u00fcbergehend nicht verf\u00fcgbar, teilt der Verk\u00e4ufer dem Kunden dies ebenfalls unverz\u00fcglich in der Auftragsbest\u00e4tigung mit. Bei einer Lieferungsverz\u00f6gerung von mehr als zwei Wochen hat der Kunde das Recht, vom Vertrag zur\u00fcckzutreten. Im \u00dcbrigen ist in diesem Fall auch der Verk\u00e4ufer berechtigt, sich vom Vertrag zu l\u00f6sen. Hierbei wird er eventuell bereits geleistete Zahlungen des Kunden unverz\u00fcglich erstatten.<\/p><ul><li>4 Lieferung, Preise, Versandkosten<\/li><\/ul><p>(1) Die Auslieferung an das Versandunternehmen erfolgt sp\u00e4testens 5 Arbeitstage nach Geldeingang da wir nach Auftrag fertigen . Die Lieferzeit betr\u00e4gt bis zu f\u00fcnf Tage. Auf eventuell abweichende Lieferzeiten weist der Verk\u00e4ufer auf der jeweiligen Produktseite hin.<\/p><p>(2) Die Lieferung erfolgt nur innerhalb der EU.<\/p><p>(3) Alle Artikelpreise enthalten die gesetzliche Mehrwertsteuer. Die angegebenen Preise sind Endverkaufspreise zuz\u00fcglich Versandkosten. Der Kunde erh\u00e4lt eine Rechnung mit ausgewiesener Mehrwertsteuer.<\/p><ul><li>5 Zahlung<\/li><\/ul><p>Die Zahlung erfolgt per Vorkasse (PayPal)<\/p><ul><li>6 Transportsch\u00e4den<\/li><\/ul><p>(1) Werden Waren mit offensichtlichen Transportsch\u00e4den angeliefert, wird der Kunden gebeten, diese Fehler sofort bei dem Zusteller zu reklamieren und schnellstm\u00f6glich Kontakt zu dem Verk\u00e4ufer aufzunehmen.<\/p><p>(2) Die Vers\u00e4umung einer Reklamation oder der Kontaktaufnahme hat f\u00fcr die gesetzlichen Gew\u00e4hrleistungsrechte des Kunden keinerlei Konsequenzen, hilft dem Verk\u00e4ufer aber, eigene Anspr\u00fcche gegen\u00fcber dem Frachtf\u00fchrer bzw. der Transportversicherung geltend machen zu k\u00f6nnen.<\/p><ul><li>7 Sachm\u00e4ngelgew\u00e4hrleistung<\/li><\/ul><p>(1) Der Anbieter haftet f\u00fcr Sachm\u00e4ngel nach den hierf\u00fcr geltenden gesetzlichen Vorschriften, insbesondere \u00a7\u00a7 434 ff BGB.<\/p><p>(2) Eine Garantie besteht bei den vom Anbieter gelieferten Waren nur, wenn diese ausdr\u00fccklich in der Auftragsbest\u00e4tigung zu dem jeweiligen Artikel abgegeben wurde.<\/p><p>(3) Beanstandungen und M\u00e4ngelhaftungsanspr\u00fcche k\u00f6nnen Sie unter der in der\u00a0 Anbieterkennzeichnung angegebenen Adresse vorbringen.<\/p><ul><li>8 Eigentumsvorbehalt Bis zur vollst\u00e4ndigen Bezahlung verbleiben die gelieferten Waren im Eigentum des Verk\u00e4ufers.<\/li><li>9 Haftung Es gelten die gesetzlichen Vorschriften.<\/li><li>10 Vertragstext Der Vertragstext wird auf den internen Systemen des Verk\u00e4ufers gespeichert. Die Allgemeinen Gesch\u00e4ftsbedingungen kann der Kunde jederzeit in seinem Kundenkonto einsehen. Die Bestelldaten und die AGB werden dem Kunden per E-Mail zugesendet. Nach Abschluss der Bestellung sind die Bestelldaten aus Sicherheitsgr\u00fcnden nicht mehr \u00fcber das Internet zug\u00e4nglich.<\/li><li>11 Schlussbestimmungen (1) Die Vertragssprache ist deutsch.<\/li><\/ul><p>(2) Auf Vertr\u00e4ge zwischen dem Verk\u00e4ufer und den Kunden \ufb01ndet das Recht der Bundesrepublik Deutschland unter Ausschluss der Gesetze \u00fcber den internationalen Kauf beweglicher Waren Anwendung. Diese Rechtswahl gilt bei Verbrauchern nur, soweit der durch zwingende Bestimmungen des Rechts des Staates des gew\u00f6hnlichen Aufenthaltes des Verbrauchers gew\u00e4hrte Schutz dem Kunden nicht entzogen wird.<\/p><p>(3) Sofern es sich beim Kunden um einen Kaufmann, eine juristische Person des \u00f6ffentlichen Rechts oder um ein \u00f6ffentlich-rechtliches Sonderverm\u00f6gen handelt, ist Gerichtsstand f\u00fcr alle Streitigkeiten aus Vertragsverh\u00e4ltnissen zwischen dem Kunden und dem Verk\u00e4ufer der Sitz des Verk\u00e4ufers. Dies gilt auch, sofern der Kunde keinen allgemeinen Gerichtsstand in Deutschland oder der EU hat, oder sein Wohnsitz oder sein gew\u00f6hnlicher Aufenthalt im Zeitpunkt der Klageerhebung nicht bekannt ist.<\/p><p>(Ende der AGB)<\/p>\t\t\t\t\t<\/div>\n\t\t\t\t\t\t<\/div>\n\t\t\t\t<\/div>\n\t\t\t\t\t\t<\/div>\n\t\t\t\t\t<\/div>\n\t\t<\/div>\n\t\t\t\t\t\t\t\t<\/div>\n\t\t\t\t\t<\/div>\n\t\t<\/section>\n\t\t\t\t<section class=\"elementor-section elementor-top-section elementor-element elementor-element-4cd7900 elementor-section-boxed elementor-section-height-default elementor-section-height-default\" data-id=\"4cd7900\" data-element_type=\"section\">\n\t\t\t\t\t\t<div class=\"elementor-container elementor-column-gap-default\">\n\t\t\t\t\t\t\t<div class=\"elementor-row\">\n\t\t\t\t\t<div class=\"elementor-column elementor-col-100 elementor-top-column elementor-element elementor-element-7b11e86\" data-id=\"7b11e86\" data-element_type=\"column\">\n\t\t\t<div class=\"elementor-column-wrap elementor-element-populated\">\n\t\t\t\t\t\t\t<div class=\"elementor-widget-wrap\">\n\t\t\t\t\t\t<div class=\"elementor-element elementor-element-0388e40 elementor-align-right elementor-widget elementor-widget-button\" data-id=\"0388e40\" data-element_type=\"widget\" data-widget_type=\"button.default\">\n\t\t\t\t<div class=\"elementor-widget-container\">\n\t\t\t\t\t<div class=\"elementor-button-wrapper\">\n\t\t\t<a href=\"http:\/\/www.rechtsanwalt-metzler.de\" class=\"elementor-button-link elementor-button elementor-size-sm\" role=\"button\">\n\t\t\t\t\t\t<span class=\"elementor-button-content-wrapper\">\n\t\t\t\t\t\t<span class=\"elementor-button-text\">quelle der AGB- rechtsanwalt metzler - wettbewerbsrecht markenrecht und urheberrecht<\/span>\n\t\t<\/span>\n\t\t\t\t\t<\/a>\n\t\t<\/div>\n\t\t\t\t<\/div>\n\t\t\t\t<\/div>\n\t\t\t\t\t\t<\/div>\n\t\t\t\t\t<\/div>\n\t\t<\/div>\n\t\t\t\t\t\t\t\t<\/div>\n\t\t\t\t\t<\/div>\n\t\t<\/section>\n\t\t\t\t\t\t\t\t\t<\/div>\n\t\t\t<\/div>\n\t\t\t\t\t<\/div>\n\t\t","protected":false},"excerpt":{"rendered":"<p>terms Allgemeine Gesch\u00e4ftsbedingungen (AGB) und Verbraucherinformationen Stand: 06\/2018 Allgemeine Gesch\u00e4ftsbedingungen und Verbraucherinformationen im Rahmen von Kaufvertr\u00e4gen, die \u00fcber den Onlineshop zwischen der Firma Mobitcon e. k. Uwe Tech &#8211; im Folgenden \u201eVerk\u00e4ufer\u201c &#8211; und dem Kunden &#8211; im Folgenden \u201eKunde\u201c &#8211; geschlossen werden. 1 Geltungsbereich und allgemeine Hinweise (1) Vorbehaltlich individueller Absprachen und Vereinbarungen, die &#8230; <a title=\"terms\" class=\"read-more\" href=\"https:\/\/q-reg.de\/?page_id=1234\">Read more<\/a><\/p>\n","protected":false},"author":1,"featured_media":0,"parent":0,"menu_order":0,"comment_status":"closed","ping_status":"closed","template":"","meta":[],"_links":{"self":[{"href":"https:\/\/q-reg.de\/index.php?rest_route=\/wp\/v2\/pages\/1234"}],"collection":[{"href":"https:\/\/q-reg.de\/index.php?rest_route=\/wp\/v2\/pages"}],"about":[{"href":"https:\/\/q-reg.de\/index.php?rest_route=\/wp\/v2\/types\/page"}],"author":[{"embeddable":true,"href":"https:\/\/q-reg.de\/index.php?rest_route=\/wp\/v2\/users\/1"}],"replies":[{"embeddable":true,"href":"https:\/\/q-reg.de\/index.php?rest_route=%2Fwp%2Fv2%2Fcomments&post=1234"}],"version-history":[{"count":53,"href":"https:\/\/q-reg.de\/index.php?rest_route=\/wp\/v2\/pages\/1234\/revisions"}],"predecessor-version":[{"id":2975,"href":"https:\/\/q-reg.de\/index.php?rest_route=\/wp\/v2\/pages\/1234\/revisions\/2975"}],"wp:attachment":[{"href":"https:\/\/q-reg.de\/index.php?rest_route=%2Fwp%2Fv2%2Fmedia&parent=1234"}],"curies":[{"name":"wp","href":"https:\/\/api.w.org\/{rel}","templated":true}]}}